{"id":128,"date":"2024-11-06T08:05:37","date_gmt":"2024-11-06T08:05:37","guid":{"rendered":"https:\/\/www.osinskamarcinczyk.pl\/?page_id=128"},"modified":"2024-11-06T08:21:20","modified_gmt":"2024-11-06T08:21:20","slug":"blog","status":"publish","type":"page","link":"https:\/\/www.osinskamarcinczyk.pl\/?page_id=128","title":{"rendered":"Blog"},"content":{"rendered":"\n<div class=\"wp-block-query is-layout-flow wp-block-query-is-layout-flow\"><ul class=\"wp-block-post-template is-layout-flow wp-block-post-template-is-layout-flow\"><li class=\"wp-block-post post-143 post type-post status-publish format-standard has-post-thumbnail hentry category-blog\">\n\n<div class=\"wp-block-columns alignwide is-layout-flex wp-container-core-columns-is-layout-1 wp-block-columns-is-layout-flex\">\n<div class=\"wp-block-column is-layout-flow wp-block-column-is-layout-flow\" style=\"flex-basis:66.66%\"><figure class=\"wp-block-post-featured-image\"><a href=\"https:\/\/www.osinskamarcinczyk.pl\/?p=143\" target=\"_self\"  ><img loading=\"lazy\" decoding=\"async\" width=\"888\" height=\"888\" src=\"https:\/\/www.osinskamarcinczyk.pl\/wp-content\/uploads\/2024\/11\/Leonardo_Kino_XL_take_a_picture_of_a_computer_with_the_word_BL_1.jpg\" class=\"attachment-post-thumbnail size-post-thumbnail wp-post-image\" alt=\"Blog. Wpis drugi\" style=\"object-fit:cover;\" srcset=\"https:\/\/www.osinskamarcinczyk.pl\/wp-content\/uploads\/2024\/11\/Leonardo_Kino_XL_take_a_picture_of_a_computer_with_the_word_BL_1.jpg 888w, https:\/\/www.osinskamarcinczyk.pl\/wp-content\/uploads\/2024\/11\/Leonardo_Kino_XL_take_a_picture_of_a_computer_with_the_word_BL_1-300x300.jpg 300w, https:\/\/www.osinskamarcinczyk.pl\/wp-content\/uploads\/2024\/11\/Leonardo_Kino_XL_take_a_picture_of_a_computer_with_the_word_BL_1-150x150.jpg 150w, https:\/\/www.osinskamarcinczyk.pl\/wp-content\/uploads\/2024\/11\/Leonardo_Kino_XL_take_a_picture_of_a_computer_with_the_word_BL_1-768x768.jpg 768w\" sizes=\"(max-width: 888px) 100vw, 888px\" \/><\/a><\/figure><\/div>\n\n\n\n<div class=\"wp-block-column is-layout-flow wp-block-column-is-layout-flow\" style=\"flex-basis:33.33%\"><h2 class=\"wp-block-post-title\"><a href=\"https:\/\/www.osinskamarcinczyk.pl\/?p=143\" target=\"_self\" >Blog. Wpis drugi<\/a><\/h2><\/div>\n<\/div>\n\n<\/li><li class=\"wp-block-post post-155 post type-post status-publish format-standard hentry category-blog\">\n\n<div class=\"wp-block-columns alignwide is-layout-flex wp-container-core-columns-is-layout-2 wp-block-columns-is-layout-flex\">\n<div class=\"wp-block-column is-layout-flow wp-block-column-is-layout-flow\" style=\"flex-basis:66.66%\"><\/div>\n\n\n\n<div class=\"wp-block-column is-layout-flow wp-block-column-is-layout-flow\" style=\"flex-basis:33.33%\"><h2 class=\"wp-block-post-title\"><a href=\"https:\/\/www.osinskamarcinczyk.pl\/?p=155\" target=\"_self\" >Gdzie kupi\u0107?<\/a><\/h2><\/div>\n<\/div>\n\n<\/li><li class=\"wp-block-post post-118 post type-post status-publish format-standard has-post-thumbnail hentry category-uncategorized\">\n\n<div class=\"wp-block-columns alignwide is-layout-flex wp-container-core-columns-is-layout-3 wp-block-columns-is-layout-flex\">\n<div class=\"wp-block-column is-layout-flow wp-block-column-is-layout-flow\" style=\"flex-basis:66.66%\"><figure class=\"wp-block-post-featured-image\"><a href=\"https:\/\/www.osinskamarcinczyk.pl\/?p=118\" target=\"_self\"  ><img loading=\"lazy\" decoding=\"async\" width=\"396\" height=\"571\" src=\"https:\/\/www.osinskamarcinczyk.pl\/wp-content\/uploads\/2024\/10\/agdybys2-3.jpg\" class=\"attachment-post-thumbnail size-post-thumbnail wp-post-image\" alt=\"\u201eA gdyby\u015b musia\u0142a zabi\u0107?\u201d. Prolog\" style=\"object-fit:cover;\" srcset=\"https:\/\/www.osinskamarcinczyk.pl\/wp-content\/uploads\/2024\/10\/agdybys2-3.jpg 396w, https:\/\/www.osinskamarcinczyk.pl\/wp-content\/uploads\/2024\/10\/agdybys2-3-208x300.jpg 208w\" sizes=\"(max-width: 396px) 100vw, 396px\" \/><\/a><\/figure><\/div>\n\n\n\n<div class=\"wp-block-column is-layout-flow wp-block-column-is-layout-flow\" style=\"flex-basis:33.33%\"><h2 class=\"wp-block-post-title\"><a href=\"https:\/\/www.osinskamarcinczyk.pl\/?p=118\" target=\"_self\" >\u201eA gdyby\u015b musia\u0142a zabi\u0107?\u201d. Prolog<\/a><\/h2><\/div>\n<\/div>\n\n<\/li><\/ul><\/div>\n\n\n\n<div class=\"wp-block-group has-global-padding is-layout-constrained wp-block-group-is-layout-constrained\">\n<p><\/p>\n<\/div>\n","protected":false},"excerpt":{"rendered":"","protected":false},"author":1,"featured_media":0,"parent":0,"menu_order":0,"comment_status":"closed","ping_status":"closed","template":"","meta":{"footnotes":""},"class_list":["post-128","page","type-page","status-publish","hentry"],"_links":{"self":[{"href":"https:\/\/www.osinskamarcinczyk.pl\/index.php?rest_route=\/wp\/v2\/pages\/128"}],"collection":[{"href":"https:\/\/www.osinskamarcinczyk.pl\/index.php?rest_route=\/wp\/v2\/pages"}],"about":[{"href":"https:\/\/www.osinskamarcinczyk.pl\/index.php?rest_route=\/wp\/v2\/types\/page"}],"author":[{"embeddable":true,"href":"https:\/\/www.osinskamarcinczyk.pl\/index.php?rest_route=\/wp\/v2\/users\/1"}],"replies":[{"embeddable":true,"href":"https:\/\/www.osinskamarcinczyk.pl\/index.php?rest_route=%2Fwp%2Fv2%2Fcomments&post=128"}],"version-history":[{"count":3,"href":"https:\/\/www.osinskamarcinczyk.pl\/index.php?rest_route=\/wp\/v2\/pages\/128\/revisions"}],"predecessor-version":[{"id":133,"href":"https:\/\/www.osinskamarcinczyk.pl\/index.php?rest_route=\/wp\/v2\/pages\/128\/revisions\/133"}],"wp:attachment":[{"href":"https:\/\/www.osinskamarcinczyk.pl\/index.php?rest_route=%2Fwp%2Fv2%2Fmedia&parent=128"}],"curies":[{"name":"wp","href":"https:\/\/api.w.org\/{rel}","templated":true}]}}