{"id":93,"date":"2024-10-31T16:04:00","date_gmt":"2024-10-31T16:04:00","guid":{"rendered":"https:\/\/www.osinskamarcinczyk.pl\/?page_id=93"},"modified":"2025-12-27T18:22:21","modified_gmt":"2025-12-27T18:22:21","slug":"o-mnie","status":"publish","type":"page","link":"https:\/\/www.osinskamarcinczyk.pl\/?page_id=93","title":{"rendered":"O mnie"},"content":{"rendered":"\n<div class=\"wp-block-media-text is-stacked-on-mobile\"><figure class=\"wp-block-media-text__media\"><img loading=\"lazy\" decoding=\"async\" width=\"576\" height=\"1024\" src=\"https:\/\/www.osinskamarcinczyk.pl\/wp-content\/uploads\/2024\/10\/27-576x1024.jpg\" alt=\"\" class=\"wp-image-94 size-full\" srcset=\"https:\/\/www.osinskamarcinczyk.pl\/wp-content\/uploads\/2024\/10\/27-576x1024.jpg 576w, https:\/\/www.osinskamarcinczyk.pl\/wp-content\/uploads\/2024\/10\/27-169x300.jpg 169w, https:\/\/www.osinskamarcinczyk.pl\/wp-content\/uploads\/2024\/10\/27-768x1367.jpg 768w, https:\/\/www.osinskamarcinczyk.pl\/wp-content\/uploads\/2024\/10\/27-863x1536.jpg 863w, https:\/\/www.osinskamarcinczyk.pl\/wp-content\/uploads\/2024\/10\/27.jpg 1151w\" sizes=\"(max-width: 576px) 100vw, 576px\" \/><\/figure><div class=\"wp-block-media-text__content\">\n<p>Urodzi\u0142am si\u0119 w stanie wojennym. Dawno, dawno temu, w innej rzeczywisto\u015bci. Pami\u0119tam smak wyrob\u00f3w czekoladopodobnych i zapach \u015bwie\u017cego chleba. Pami\u0119tam ksi\u0105\u017cki o ameryka\u0144skiej stonce ziemniaczanej i dwa programy w czarno-bia\u0142ym telewizorze.<\/p>\n\n\n\n<p>Dorasta\u0142am w latach dziewi\u0119\u0107dziesi\u0105tych, to by\u0142y lata chmurne durne. W obecnym wieku posz\u0142am na studia i uczy\u0142am si\u0119 m.in. dziennikarstwa. Ta profesja towarzyszy mi do dzi\u015b. Pisz\u0119 i opisuj\u0119.<\/p>\n\n\n\n<p>Debiutowa\u0142am thrillerem psychologicznym \u201eA gdyby\u015b musia\u0142 zabi\u0107?\u201d. W 2025 r. wygra\u0142am konkurs Wydawnictwa Poligraf na &#8222;Ksi\u0105\u017ck\u0119 wart\u0105 wydania&#8221;, w kt\u00f3rym pierwsz\u0105 nagrod\u0105 by\u0142o wydanie powie\u015bci. I tak oto ukaza\u0142a si\u0119 &#8222;Krwawa ni\u0107&#8221; &#8211; utw\u00f3r z pogranicza thrillera i krymina\u0142u. <\/p>\n\n\n\n<p>W produkcji mam kilka pozycji, a w planach kolejne. Czy wszystkie zostan\u0105 wydane po mojej my\u015bli? Oka\u017ce si\u0119. Mo\u017cesz trzyma\u0107 za mnie kciuki, ale wcale nie musisz. Tymczasem rozgo\u015b\u0107 si\u0119 na mojej stronie i poczytaj prologi do moich ksi\u0105\u017cek. Zach\u0119cam. Mo\u017ce akurat co\u015b Ci si\u0119 spodoba. \u00a0<\/p>\n<\/div><\/div>\n\n\n\n<p><\/p>\n","protected":false},"excerpt":{"rendered":"<p>Urodzi\u0142am si\u0119 w stanie wojennym. Dawno, dawno temu, w innej rzeczywisto\u015bci. Pami\u0119tam smak wyrob\u00f3w czekoladopodobnych i zapach \u015bwie\u017cego chleba. Pami\u0119tam ksi\u0105\u017cki o ameryka\u0144skiej stonce ziemniaczanej i dwa programy w czarno-bia\u0142ym telewizorze. Dorasta\u0142am w latach dziewi\u0119\u0107dziesi\u0105tych, to by\u0142y lata chmurne durne. W obecnym wieku posz\u0142am na studia i uczy\u0142am si\u0119 m.in. dziennikarstwa. Ta profesja towarzyszy mi [&hellip;]<\/p>\n","protected":false},"author":1,"featured_media":0,"parent":0,"menu_order":0,"comment_status":"closed","ping_status":"closed","template":"","meta":{"footnotes":""},"class_list":["post-93","page","type-page","status-publish","hentry"],"_links":{"self":[{"href":"https:\/\/www.osinskamarcinczyk.pl\/index.php?rest_route=\/wp\/v2\/pages\/93"}],"collection":[{"href":"https:\/\/www.osinskamarcinczyk.pl\/index.php?rest_route=\/wp\/v2\/pages"}],"about":[{"href":"https:\/\/www.osinskamarcinczyk.pl\/index.php?rest_route=\/wp\/v2\/types\/page"}],"author":[{"embeddable":true,"href":"https:\/\/www.osinskamarcinczyk.pl\/index.php?rest_route=\/wp\/v2\/users\/1"}],"replies":[{"embeddable":true,"href":"https:\/\/www.osinskamarcinczyk.pl\/index.php?rest_route=%2Fwp%2Fv2%2Fcomments&post=93"}],"version-history":[{"count":2,"href":"https:\/\/www.osinskamarcinczyk.pl\/index.php?rest_route=\/wp\/v2\/pages\/93\/revisions"}],"predecessor-version":[{"id":139,"href":"https:\/\/www.osinskamarcinczyk.pl\/index.php?rest_route=\/wp\/v2\/pages\/93\/revisions\/139"}],"wp:attachment":[{"href":"https:\/\/www.osinskamarcinczyk.pl\/index.php?rest_route=%2Fwp%2Fv2%2Fmedia&parent=93"}],"curies":[{"name":"wp","href":"https:\/\/api.w.org\/{rel}","templated":true}]}}